{"id":1359,"date":"2025-02-02T09:00:55","date_gmt":"2025-02-02T09:00:55","guid":{"rendered":"http:\/\/allesgut.hr\/cijene\/"},"modified":"2026-03-05T16:43:44","modified_gmt":"2026-03-05T16:43:44","slug":"preise","status":"publish","type":"page","link":"https:\/\/allesgut.hr\/de\/preise\/","title":{"rendered":"PREISE"},"content":{"rendered":"<div id=\"pl-1359\"  class=\"panel-layout\" ><div id=\"pg-1359-0\"  class=\"panel-grid panel-has-style\" ><div class=\"siteorigin-panels-stretch panel-row-style panel-row-style-for-1359-0\" style=\"padding: 100px 0; \" data-stretch-type=\"full\" data-overlay=\"true\" data-overlay-color=\"#000000\" ><div id=\"pgc-1359-0-0\"  class=\"panel-grid-cell\" ><div class=\"row-right-container panel-cell-style panel-cell-style-for-1359-0-0\" ><div id=\"panel-1359-0-0-0\" class=\"so-panel widget widget_text panel-first-child panel-last-child\" data-index=\"0\" ><div class=\"right-container panel-widget-style panel-widget-style-for-1359-0-0-0\" style=\"text-align: left;\" data-title-color=\"#443f3f\" data-headings-color=\"#443f3f\" >\t\t\t<div class=\"textwidget\"><div class=\"right-container-title\">PREISE<\/div>\n<div class=\"right-container-content\">\n<ul>\n<li>Die Preise sind Nettopreise. Das Einzelunternehmen Alles Gut ist in Kroatien umsatzsteuerbefreit.<\/li>\n<li>Stammkunden von der Insel Bra\u010d bekommen bis zu 20% Nachlass.<\/li>\n<\/ul>\n<\/div>\n<\/div>\n\t\t<\/div><\/div><\/div><\/div><div id=\"pgc-1359-0-1\"  class=\"panel-grid-cell\" ><div id=\"panel-1359-0-1-0\" class=\"so-panel widget widget_text panel-first-child panel-last-child\" data-index=\"1\" ><div style=\"text-align: left;\" data-title-color=\"#443f3f\" data-headings-color=\"#443f3f\" class=\"panel-widget-style panel-widget-style-for-1359-0-1-0\" >\t\t\t<div class=\"textwidget\"><style>.title-post{display:none;}.page-wrap{padding-top:0px; padding-bottom:0px}.page .page-wrap .content-wrapper, .single .page-wrap .content-wrapper{padding:0px 30px 30px 30px;} td <\/style>\n<p><script>\njQuery(document).ready(function(){\t\t\t\t\n    jQuery(\".toggle-title\").click(function () {\n\tjQuery(this).next(\".toggle-details\").slideToggle();\n        jQuery(this).text( jQuery(this).text() == 'Mehr' ? \"Verstecken\" : \"Mehr\");\t    \n\t});\n});\n<\/script><\/p>\n<div class=\"content-title\">\n<h2>PREISE<\/h2>\n<\/div>\n<p>&nbsp;<\/p>\n<p>Mein Preis f\u00fcr schriftliche \u00dcbersetzungen betr\u00e4gt 25,00 \u20ac pro Normseite.\u00a0 Dazu kommen bei Bedarf Zuschl\u00e4ge f\u00fcr<br \/>\n&#8211; Umwandlung in einen bearbeitbaren Text, zB. PDF in Word;<br \/>\n&#8211; Beglaubigung;<br \/>\n&#8211; zus\u00e4tzliche Formatierung bei stark gegliederten Texten mit Aufz\u00e4hlungen oder Tabellen, die also kein Flie\u00dftext sind;<\/p>\n<p>F\u00fcr kurze Texte und Kleinstauftr\u00e4ge gilt ein Mindestbetrag von 40,00 \u20ac pro Auftrag.<\/p>\n<p>In der folgenden Preisliste geht es um Richtpreise je Normseite in der Zielsprache. Vor jedem Auftrag bekommen Sie Ihr individuelles Angebot.<\/p>\n<table style=\"height: 1069px;\" width=\"846\">\n<tbody>\n<tr>\n<td width=\"366\"><strong>Fach\u00fcbersetzungen ins Kroatische\/Deutsche<\/strong><\/td>\n<td width=\"265\"><strong>25 \u20ac pro Normseite <\/strong><\/td>\n<\/tr>\n<tr>\n<td width=\"366\"><strong>Beglaubigte \u00dcbersetzung\u00a0 \u00a0\u00a0\u00a0\u00a0 \u00a0\u00a0+ 20%<\/strong><\/td>\n<td width=\"265\">30 \u20ac pro Normseite<\/td>\n<\/tr>\n<tr>\n<td width=\"366\"><strong>Eilige \u00dcbersetzung\u00a0\u00a0\u00a0\u00a0\u00a0\u00a0\u00a0\u00a0\u00a0\u00a0\u00a0\u00a0\u00a0\u00a0\u00a0\u00a0\u00a0\u00a0\u00a0 \u00a0 + 20%<\/strong><\/td>\n<td width=\"265\">30 \u20ac pro Normseite<\/td>\n<\/tr>\n<tr>\n<td width=\"366\"><strong>Besonders eilige \u00dcbersetzung + 40%-100%<\/strong><\/td>\n<td width=\"265\">35-50 \u20ac pro Normseite<\/td>\n<\/tr>\n<tr>\n<td width=\"366\"><strong>\u00dcbersetzung am Wochenende u. an Feiertagen +20%<\/strong><\/td>\n<td width=\"265\">30 \u20ac pro Normseite<\/td>\n<\/tr>\n<tr>\n<td width=\"366\"><strong>Zus\u00e4tzliche Textbearbeitung \u00a0<\/strong><\/td>\n<td width=\"265\"><\/td>\n<\/tr>\n<tr>\n<td width=\"366\"><strong>Umwandlung in ein bearbeitbares Dokument +20%<br \/>\n(pdf, jpg etc. in Word) <\/strong><\/td>\n<td width=\"265\">30 \u20ac pro Normseite<\/td>\n<\/tr>\n<tr>\n<td width=\"366\"><strong>Extra Formatierung \u00a0(Graphik, Tabelle, Bilddatei etc.)<\/strong><\/td>\n<td width=\"265\">25 \u20ac pro Stunde<\/td>\n<\/tr>\n<tr>\n<td width=\"366\"><strong>Konsekutivdolmetschen kroatisch\/deutsch<\/strong><\/td>\n<td width=\"265\"><strong>40 \u20ac pro Stunde + Spesen<\/strong><\/td>\n<\/tr>\n<tr>\n<td width=\"366\"><strong>Korrekturlesen kroatisch\/deutsch<\/strong><\/td>\n<td width=\"265\"><\/td>\n<\/tr>\n<tr>\n<td width=\"366\"><strong>\u00dcbersetzungslektorat \u2013 inhaltlich<\/strong><\/td>\n<td width=\"265\">30 \u20ac pro Normseite<\/td>\n<\/tr>\n<tr>\n<td width=\"366\"><strong>Lektorat \u2013 inhaltlich<\/strong><\/td>\n<td width=\"265\">25 \u20ac pro Stunde<\/td>\n<\/tr>\n<tr>\n<td width=\"366\"><strong>Korrektur von Fl\u00fcchtigkeitsfehlern<\/strong><\/td>\n<td width=\"265\">25 \u20ac pro Stunde<\/td>\n<\/tr>\n<tr>\n<td width=\"366\"><strong>Eilzuschlag 20%-100%<\/strong><\/td>\n<td width=\"265\">30-50 \u20ac pro Normseite<\/td>\n<\/tr>\n<tr>\n<td width=\"366\"><strong>Assistenz \u2013 Beratung kroatisch\/deutsch<\/strong><\/td>\n<td width=\"265\">25 pro Stunde<\/td>\n<\/tr>\n<tr>\n<td width=\"366\"><strong>Beh\u00f6rdenwege\/Dienstwege<\/strong><\/td>\n<td width=\"265\"><strong>40 \u20ac pro Stunde + Spesen<\/strong><\/td>\n<\/tr>\n<tr>\n<td width=\"366\"><strong>Sprachtraining-Beratung kroatisch\/deutsch<\/strong><\/td>\n<td width=\"265\">nach Absprache<\/td>\n<\/tr>\n<tr>\n<td width=\"366\"><strong>Extra Versand &amp; Kopien<\/strong><\/td>\n<td width=\"265\">nach Aufwand\/Absprache<\/td>\n<\/tr>\n<\/tbody>\n<\/table>\n<p><span style=\"font-weight: 400;\">Die Preise sind Nettopreise. Alles Gut ist in Kroatien umsatzsteuerbefreit.<\/span><\/p>\n<p>&nbsp;<\/p>\n<div style=\"text-align: center; margin-bottom: -60px;\">\n<div class=\"roll-button button-slider toggle-title\" style=\"cursor: pointer; margin-bottom: 10px;\">Mehr<\/div>\n<div class=\"toggle-details\" style=\"display: none; text-align: left;\">\n<p><b>\u00dcBERSETZEN:<\/b><\/p>\n<p><span style=\"font-weight: 400;\">Eine Normseite hat 1500 Anschl\u00e4ge (Zeichen einschlie\u00dflich Leerzeichen). Bei der Abrechnung wird auf ganze Normseiten aufgerundet.<\/span><\/p>\n<p><b>FRISTEN:<\/b><\/p>\n<p><span style=\"font-weight: 400;\">An einem Arbeitstag k\u00f6nnen 6 Normseiten \u00fcbersetzt werden.<\/span><\/p>\n<p><span style=\"font-weight: 400;\">Eilige \u00dcbersetzungen werden f\u00fcr Sie umgehend gemacht bzw. muss daf\u00fcr die laufende Auftragsbearbeitung unterbrochen werden. Besonders eilige \u00dcbersetzungen m\u00fcssen innerhalb von Stunden oder unter Einsatz mehrerer \u00dcbersetzer erledigt und dann \u00fcbereingestimmt werden.<\/span><\/p>\n<p><span style=\"font-weight: 400;\">Auftr\u00e4ge werden fr\u00fchestens ab dem n\u00e4chsten Tag nach Auftragserteilung bearbeitet. Eine Ausnahme sind besonders eilige Auftr\u00e4ge.<\/span><\/p>\n<p><b>DOLMETSCHEN:<\/b><b><br \/>\n<\/b><span style=\"font-weight: 400;\"><br \/>\n<\/span><span style=\"font-weight: 400;\">Beim Stundensatz f\u00fcrs Dolmetschen sind An- und R\u00fcckreisezeiten, sonstige Fahrt- und Wartezeiten und die intensive Vorbereitungszeit inbegriffen. Bei weiteren Strecken und gr\u00f6\u00dferen Auftr\u00e4gen kann eine Pauschale vereinbart werden.<\/span><\/p>\n<p><span style=\"font-weight: 400;\">Zu den Spesen z\u00e4hlen: Entgelte f\u00fcr Bef\u00f6rderungsmittel und Parken, Verpflegung und Unterkunft u.\u00e4. Diese Kosten \u00fcbernehmen Sie oder es kann eine Pauschale vereinbart werden. <\/span><\/p>\n<p><span style=\"font-weight: 400;\">Ausfallhonorar: bei Stornierung innerhalb von 3 Tagen vor dem Dolmetschtermin wird pro Tag des geplanten Einsatzes unabh\u00e4ngig von der L\u00e4nge des geplanten Einsatzes eine Pauschale, ein Halbtagessatz von 900,00 HRK f\u00e4llig.<\/span><\/p>\n<p><b>ZUSATZKOSTEN<\/b><\/p>\n<p><span style=\"font-weight: 400;\">\u00dcblicherweise erfolgt der Versand von \u00dcbersetzungen per E-Mail gratis. Aufwendige Kopier- oder Versandarbeiten werden nach Vereinbarung zus\u00e4tzlich in Rechnung gestellt.<\/span><\/p>\n<p><span style=\"font-weight: 400;\">Eine zus\u00e4tzliche graphische Bearbeitung bzw. Textformatierung, aber auch die Bearbeitung nicht editierbarer Texte (PDF, Bilddateien, Scans) wird pro Stunde abgerechnet.<\/span><\/p>\n<p><span style=\"font-weight: 400;\">Vor jedem Auftrag bekommen Sie von mir ein Angebot. Ich freue mich auf Ihre Anfrage!<\/span><\/p>\n<div style=\"text-align: center; margin-bottom: 120px;\"><a class=\"roll-button button-slider\" href=\"http:\/\/allesgut.hr\/de\/kontakt\/\">Kontakt<\/a><\/div>\n<\/div>\n<\/div>\n<\/div>\n\t\t<\/div><\/div><\/div><\/div><\/div><\/div>","protected":false},"excerpt":{"rendered":"<p>PREISE Die Preise sind Nettopreise. Das Einzelunternehmen Alles Gut ist in Kroatien umsatzsteuerbefreit. Stammkunden von der Insel Bra\u010d bekommen bis zu 20% Nachlass. PREISE &nbsp; Mein Preis f\u00fcr schriftliche \u00dcbersetzungen betr\u00e4gt 25,00 \u20ac pro Normseite.\u00a0 Dazu kommen bei Bedarf Zuschl\u00e4ge f\u00fcr &#8211; Umwandlung in einen bearbeitbaren Text, zB. PDF in Word; &#8211; Beglaubigung; &#8211; zus\u00e4tzliche [&hellip;]<\/p>\n","protected":false},"author":1,"featured_media":0,"parent":0,"menu_order":0,"comment_status":"closed","ping_status":"closed","template":"page-templates\/page_fullwidth.php","meta":[],"_links":{"self":[{"href":"https:\/\/allesgut.hr\/de\/wp-json\/wp\/v2\/pages\/1359"}],"collection":[{"href":"https:\/\/allesgut.hr\/de\/wp-json\/wp\/v2\/pages"}],"about":[{"href":"https:\/\/allesgut.hr\/de\/wp-json\/wp\/v2\/types\/page"}],"author":[{"embeddable":true,"href":"https:\/\/allesgut.hr\/de\/wp-json\/wp\/v2\/users\/1"}],"replies":[{"embeddable":true,"href":"https:\/\/allesgut.hr\/de\/wp-json\/wp\/v2\/comments?post=1359"}],"version-history":[{"count":26,"href":"https:\/\/allesgut.hr\/de\/wp-json\/wp\/v2\/pages\/1359\/revisions"}],"predecessor-version":[{"id":5880,"href":"https:\/\/allesgut.hr\/de\/wp-json\/wp\/v2\/pages\/1359\/revisions\/5880"}],"wp:attachment":[{"href":"https:\/\/allesgut.hr\/de\/wp-json\/wp\/v2\/media?parent=1359"}],"curies":[{"name":"wp","href":"https:\/\/api.w.org\/{rel}","templated":true}]}}