{"id":1361,"date":"2018-11-06T11:23:52","date_gmt":"2018-11-06T11:23:52","guid":{"rendered":"http:\/\/allesgut.hr\/kontakt\/"},"modified":"2026-03-05T14:59:24","modified_gmt":"2026-03-05T14:59:24","slug":"kontakt","status":"publish","type":"page","link":"https:\/\/allesgut.hr\/de\/kontakt\/","title":{"rendered":"Kontakt"},"content":{"rendered":"<div id=\"pl-1361\"  class=\"panel-layout\" ><div id=\"pg-1361-0\"  class=\"panel-grid panel-has-style\" ><div class=\"siteorigin-panels-stretch panel-row-style panel-row-style-for-1361-0\" style=\"padding: 100px 0; \" data-stretch-type=\"full\" data-overlay=\"true\" data-overlay-color=\"#000000\" ><div id=\"pgc-1361-0-0\"  class=\"panel-grid-cell\" ><div class=\"row-right-container panel-cell-style panel-cell-style-for-1361-0-0\" ><div id=\"panel-1361-0-0-0\" class=\"so-panel widget widget_text panel-first-child panel-last-child\" data-index=\"0\" ><div class=\"right-container panel-widget-style panel-widget-style-for-1361-0-0-0\" style=\"text-align: left;\" data-title-color=\"#443f3f\" data-headings-color=\"#443f3f\" >\t\t\t<div class=\"textwidget\"><div class=\"right-container-title\">Kontakt<\/div>\n<div class=\"right-container-content\"><strong>ALLES GUT, Einzelunternehmen f\u00fcr \u00dcbersetzungen und Gesch\u00e4ftsdienstleistungen<\/strong><br \/>\n<i class=\"fa fa-user\"><\/i> Eigent\u00fcmerin Irena Filipec-Ursi\u0107<br \/>\n<i class=\"fa fa-home\"><\/i> Kala 1a, 21425 Selca, Insel Bra\u010d, Kroatien<br \/>\n<i class=\"fa fa-phone\"><\/i> +385 (0)91 322 3330<br \/>\n<i class=\"fa fa-envelope\"><\/i> <a href=\"mailto:allesgutbrac@hotmail.com\">allesgutbrac@hotmail.com<\/a><\/div>\n<\/div>\n\t\t<\/div><\/div><\/div><\/div><div id=\"pgc-1361-0-1\"  class=\"panel-grid-cell\" ><div id=\"panel-1361-0-1-0\" class=\"so-panel widget widget_text panel-first-child panel-last-child\" data-index=\"1\" ><div style=\"text-align: left;\" data-title-color=\"#443f3f\" data-headings-color=\"#443f3f\" class=\"panel-widget-style panel-widget-style-for-1361-0-1-0\" >\t\t\t<div class=\"textwidget\"><style>.title-post{display:none;}.page-wrap{padding-top:0px; padding-bottom:0px}.page .page-wrap .content-wrapper, .single .page-wrap .content-wrapper{padding:0px 30px 30px 30px;}<\/style>\n<div class=\"contact-wrapper\">\n<h3 style=\"text-align: center;\">Kontaktieren Sie mich<\/h3>\n<div role=\"form\" class=\"wpcf7\" id=\"wpcf7-f1442-o1\" lang=\"hr\" dir=\"ltr\">\n<div class=\"screen-reader-response\"><p role=\"status\" aria-live=\"polite\" aria-atomic=\"true\"><\/p> <ul><\/ul><\/div>\n<form action=\"\/de\/wp-json\/wp\/v2\/pages\/1361#wpcf7-f1442-o1\" method=\"post\" class=\"wpcf7-form init\" novalidate=\"novalidate\" data-status=\"init\">\n<div style=\"display: none;\">\n<input type=\"hidden\" name=\"_wpcf7\" value=\"1442\" \/>\n<input type=\"hidden\" name=\"_wpcf7_version\" value=\"5.4\" \/>\n<input type=\"hidden\" name=\"_wpcf7_locale\" value=\"hr\" \/>\n<input type=\"hidden\" name=\"_wpcf7_unit_tag\" value=\"wpcf7-f1442-o1\" \/>\n<input type=\"hidden\" name=\"_wpcf7_container_post\" value=\"0\" \/>\n<input type=\"hidden\" name=\"_wpcf7_posted_data_hash\" value=\"\" \/>\n<input type=\"hidden\" name=\"_wpcf7_recaptcha_response\" value=\"\" \/>\n<\/div>\n<p><label> Name<br \/>\n    <span class=\"wpcf7-form-control-wrap your-name\"><input type=\"text\" name=\"your-name\" value=\"\" size=\"40\" class=\"wpcf7-form-control wpcf7-text wpcf7-validates-as-required\" aria-required=\"true\" aria-invalid=\"false\" \/><\/span> <\/label><\/p>\n<p><label> E-Mail<br \/>\n    <span class=\"wpcf7-form-control-wrap your-email\"><input type=\"email\" name=\"your-email\" value=\"\" size=\"40\" class=\"wpcf7-form-control wpcf7-text wpcf7-email wpcf7-validates-as-required wpcf7-validates-as-email\" aria-required=\"true\" aria-invalid=\"false\" \/><\/span> <\/label><\/p>\n<p><label> Thema<br \/>\n    <span class=\"wpcf7-form-control-wrap your-subject\"><input type=\"text\" name=\"your-subject\" value=\"\" size=\"40\" class=\"wpcf7-form-control wpcf7-text\" aria-invalid=\"false\" \/><\/span> <\/label><\/p>\n<p><label> Nachricht<br \/>\n    <span class=\"wpcf7-form-control-wrap your-message\"><textarea name=\"your-message\" cols=\"40\" rows=\"10\" class=\"wpcf7-form-control wpcf7-textarea\" aria-invalid=\"false\"><\/textarea><\/span> <\/label><\/p>\n\n<p><input type=\"submit\" value=\"Senden\" class=\"wpcf7-form-control wpcf7-submit\" \/><\/p>\n<div class=\"wpcf7-response-output\" aria-hidden=\"true\"><\/div><\/form><\/div>\n<\/div>\n<\/div>\n\t\t<\/div><\/div><\/div><\/div><\/div><div id=\"pg-1361-1\"  class=\"panel-grid panel-has-style\" ><div class=\"google-map siteorigin-panels-stretch panel-row-style panel-row-style-for-1361-1\" style=\"padding: 100px 0; \" data-stretch-type=\"full-width-stretch\" data-overlay=\"true\" data-overlay-color=\"#000000\" ><div id=\"pgc-1361-1-0\"  class=\"panel-grid-cell\" ><div id=\"panel-1361-1-0-0\" class=\"so-panel widget widget_sow-google-map panel-first-child panel-last-child\" data-index=\"2\" ><div style=\"text-align: left;\" data-title-color=\"#443f3f\" data-headings-color=\"#443f3f\" class=\"panel-widget-style panel-widget-style-for-1361-1-0-0\" ><div\n\t\t\t\n\t\t\tclass=\"so-widget-sow-google-map so-widget-sow-google-map-default-6b23895f316e-1361\"\n\t\t\t\n\t\t>\n<div class=\"sow-google-map-canvas\"\n\tstyle=\"\"\n\tid=\"map-canvas-545a49a010ea5c9a889c29b5205592a0\"\n\tdata-options=\"{&quot;address&quot;:&quot;43.2951239, 16.8454533&quot;,&quot;zoom&quot;:12,&quot;mobileZoom&quot;:12,&quot;gestureHandling&quot;:&quot;cooperative&quot;,&quot;disableUi&quot;:false,&quot;markerIcon&quot;:false,&quot;markersDraggable&quot;:false,&quot;markerAtCenter&quot;:true,&quot;markerInfoDisplay&quot;:&quot;click&quot;,&quot;markerInfoMultiple&quot;:true,&quot;markerPositions&quot;:false,&quot;mapName&quot;:false,&quot;mapStyles&quot;:false,&quot;directions&quot;:&quot;&quot;,&quot;apiKey&quot;:&quot;AIzaSyAk8TUk8d_7VygQNGBjvnyJXaVNXECqA10&quot;,&quot;breakpoint&quot;:780,&quot;id&quot;:&quot;69f29d&quot;}\"\n\tdata-fallback-image=\"{&quot;img&quot;:&quot;&quot;}\"><\/div>\n<\/div><\/div><\/div><\/div><\/div><\/div><\/div>","protected":false},"excerpt":{"rendered":"<p>Kontakt ALLES GUT, Einzelunternehmen f\u00fcr \u00dcbersetzungen und Gesch\u00e4ftsdienstleistungen Eigent\u00fcmerin Irena Filipec-Ursi\u0107 Kala 1a, 21425 Selca, Insel Bra\u010d, Kroatien +385 (0)91 322 3330 allesgutbrac@hotmail.com Kontaktieren Sie mich<\/p>\n","protected":false},"author":1,"featured_media":0,"parent":0,"menu_order":0,"comment_status":"closed","ping_status":"open","template":"page-templates\/page_fullwidth.php","meta":[],"_links":{"self":[{"href":"https:\/\/allesgut.hr\/de\/wp-json\/wp\/v2\/pages\/1361"}],"collection":[{"href":"https:\/\/allesgut.hr\/de\/wp-json\/wp\/v2\/pages"}],"about":[{"href":"https:\/\/allesgut.hr\/de\/wp-json\/wp\/v2\/types\/page"}],"author":[{"embeddable":true,"href":"https:\/\/allesgut.hr\/de\/wp-json\/wp\/v2\/users\/1"}],"replies":[{"embeddable":true,"href":"https:\/\/allesgut.hr\/de\/wp-json\/wp\/v2\/comments?post=1361"}],"version-history":[{"count":14,"href":"https:\/\/allesgut.hr\/de\/wp-json\/wp\/v2\/pages\/1361\/revisions"}],"predecessor-version":[{"id":5861,"href":"https:\/\/allesgut.hr\/de\/wp-json\/wp\/v2\/pages\/1361\/revisions\/5861"}],"wp:attachment":[{"href":"https:\/\/allesgut.hr\/de\/wp-json\/wp\/v2\/media?parent=1361"}],"curies":[{"name":"wp","href":"https:\/\/api.w.org\/{rel}","templated":true}]}}