{"id":1364,"date":"2018-11-19T10:39:04","date_gmt":"2018-11-19T10:39:04","guid":{"rendered":"http:\/\/allesgut.hr\/poduke\/"},"modified":"2026-03-06T07:18:10","modified_gmt":"2026-03-06T07:18:10","slug":"sprachtraining","status":"publish","type":"page","link":"https:\/\/allesgut.hr\/de\/sprachtraining\/","title":{"rendered":"Sprachtraining"},"content":{"rendered":"<div id=\"pl-1364\"  class=\"panel-layout\" ><div id=\"pg-1364-0\"  class=\"panel-grid panel-has-style\" ><div class=\"siteorigin-panels-stretch panel-row-style panel-row-style-for-1364-0\" style=\"padding: 100px 0; \" data-stretch-type=\"full\" data-overlay=\"true\" data-overlay-color=\"#000000\" ><div id=\"pgc-1364-0-0\"  class=\"panel-grid-cell\" ><div class=\"row-right-container panel-cell-style panel-cell-style-for-1364-0-0\" ><div id=\"panel-1364-0-0-0\" class=\"so-panel widget widget_text panel-first-child panel-last-child\" data-index=\"0\" ><div class=\"right-container panel-widget-style panel-widget-style-for-1364-0-0-0\" style=\"text-align: left;\" data-title-color=\"#443f3f\" data-headings-color=\"#443f3f\" >\t\t\t<div class=\"textwidget\"><div class=\"right-container-title\" style=\"font-size: 30px;\">Sprachtraining<\/div>\n<div class=\"right-container-content\">\n<ul>\n<li><a href=\"http:\/\/allesgut.hr\/de\/ubersetzungen\/\">\u00dcbersetzungen<\/a><\/li>\n<li><a href=\"http:\/\/allesgut.hr\/de\/dolmetschen\/\">Dolmetschen<\/a><\/li>\n<li><a href=\"http:\/\/allesgut.hr\/de\/textkorrektur\/\">Textkorrektur<\/a><\/li>\n<li><a href=\"http:\/\/allesgut.hr\/de\/assistenz\/\">Assistenz &amp; Beratung<\/a><\/li>\n<li><a style=\"text-decoration: underline;\" href=\"http:\/\/allesgut.hr\/de\/sprachtraining\/\">Sprachtraining<\/a><\/li>\n<\/ul>\n<\/div>\n<\/div>\n\t\t<\/div><\/div><\/div><\/div><div id=\"pgc-1364-0-1\"  class=\"panel-grid-cell\" ><div id=\"panel-1364-0-1-0\" class=\"so-panel widget widget_text panel-first-child panel-last-child\" data-index=\"1\" ><div style=\"text-align: left;\" data-title-color=\"#443f3f\" data-headings-color=\"#443f3f\" class=\"panel-widget-style panel-widget-style-for-1364-0-1-0\" >\t\t\t<div class=\"textwidget\"><style>.title-post{display:none;}.page-wrap{padding-top:0px; padding-bottom:0px}.page .page-wrap .content-wrapper, .single .page-wrap .content-wrapper{padding:0px 30px 30px 30px;}<\/style>\n<div class=\"content-title\">\n<h2>SPRACHTRAINING<\/h2>\n<\/div>\n<p><span style=\"font-weight: 400;\">Sie m\u00f6chten die Landessprache (KROATISCH) erlernen oder Ihre kroatischen Mitarbeiter sollen DEUTSCH lernen? Ich habe mehrere Jahre Erwachsenenkurse f\u00fcr Deutsch und Kroatisch geleitet in \u00d6sterreich, Deutschland, Kroatien. <\/span><\/p>\n<p><span style=\"font-weight: 400;\">An meinem Wohnort, auf der Insel Bra\u010d und Umgebung biete ich nur auf Anfrage DEUTSCH und KROATISCH als ma\u00dfgeschneidertes Sprachtraining mit Einzelpersonen oder in Kleingruppen an. On-line-Training inklusive. <\/span><span style=\"font-weight: 400;\"><br \/>\n<\/span><span style=\"font-weight: 400;\"><br \/>\n<\/span><span style=\"font-weight: 400;\">Oder lassen Sie sich einfach nur beraten.<\/span><\/p>\n<div style=\"text-align: center; margin-bottom: 120px;\"><a class=\"roll-button button-slider\" href=\"http:\/\/allesgut.hr\/de\/kontakt\/\">Kontakt<\/a><\/div>\n<\/div>\n\t\t<\/div><\/div><\/div><\/div><\/div><\/div>","protected":false},"excerpt":{"rendered":"<p>Sprachtraining \u00dcbersetzungen Dolmetschen Textkorrektur Assistenz &amp; Beratung Sprachtraining SPRACHTRAINING Sie m\u00f6chten die Landessprache (KROATISCH) erlernen oder Ihre kroatischen Mitarbeiter sollen DEUTSCH lernen? Ich habe mehrere Jahre Erwachsenenkurse f\u00fcr Deutsch und Kroatisch geleitet in \u00d6sterreich, Deutschland, Kroatien. An meinem Wohnort, auf der Insel Bra\u010d und Umgebung biete ich nur auf Anfrage DEUTSCH und KROATISCH als ma\u00dfgeschneidertes [&hellip;]<\/p>\n","protected":false},"author":1,"featured_media":0,"parent":0,"menu_order":0,"comment_status":"closed","ping_status":"closed","template":"page-templates\/page_fullwidth.php","meta":[],"_links":{"self":[{"href":"https:\/\/allesgut.hr\/de\/wp-json\/wp\/v2\/pages\/1364"}],"collection":[{"href":"https:\/\/allesgut.hr\/de\/wp-json\/wp\/v2\/pages"}],"about":[{"href":"https:\/\/allesgut.hr\/de\/wp-json\/wp\/v2\/types\/page"}],"author":[{"embeddable":true,"href":"https:\/\/allesgut.hr\/de\/wp-json\/wp\/v2\/users\/1"}],"replies":[{"embeddable":true,"href":"https:\/\/allesgut.hr\/de\/wp-json\/wp\/v2\/comments?post=1364"}],"version-history":[{"count":5,"href":"https:\/\/allesgut.hr\/de\/wp-json\/wp\/v2\/pages\/1364\/revisions"}],"predecessor-version":[{"id":5904,"href":"https:\/\/allesgut.hr\/de\/wp-json\/wp\/v2\/pages\/1364\/revisions\/5904"}],"wp:attachment":[{"href":"https:\/\/allesgut.hr\/de\/wp-json\/wp\/v2\/media?parent=1364"}],"curies":[{"name":"wp","href":"https:\/\/api.w.org\/{rel}","templated":true}]}}