{"id":1365,"date":"2018-11-19T10:38:26","date_gmt":"2018-11-19T10:38:26","guid":{"rendered":"http:\/\/allesgut.hr\/poslovne-usluge\/"},"modified":"2026-03-05T19:59:39","modified_gmt":"2026-03-05T19:59:39","slug":"assistenz","status":"publish","type":"page","link":"https:\/\/allesgut.hr\/de\/assistenz\/","title":{"rendered":"Assistenz"},"content":{"rendered":"<div id=\"pl-1365\"  class=\"panel-layout\" ><div id=\"pg-1365-0\"  class=\"panel-grid panel-has-style\" ><div class=\"siteorigin-panels-stretch panel-row-style panel-row-style-for-1365-0\" style=\"padding: 100px 0; \" data-stretch-type=\"full\" data-overlay=\"true\" data-overlay-color=\"#000000\" ><div id=\"pgc-1365-0-0\"  class=\"panel-grid-cell\" ><div class=\"row-right-container panel-cell-style panel-cell-style-for-1365-0-0\" ><div id=\"panel-1365-0-0-0\" class=\"so-panel widget widget_text panel-first-child panel-last-child\" data-index=\"0\" ><div class=\"right-container panel-widget-style panel-widget-style-for-1365-0-0-0\" style=\"text-align: left;\" data-title-color=\"#443f3f\" data-headings-color=\"#443f3f\" >\t\t\t<div class=\"textwidget\"><div class=\"right-container-title\" style=\"font-size: 30px;\">Assistenz &amp; Beratung<\/div>\n<div class=\"right-container-content\">\n<ul>\n<li><a href=\"http:\/\/allesgut.hr\/de\/ubersetzungen\/\">\u00dcbersetzungen<\/a><\/li>\n<li><a href=\"http:\/\/allesgut.hr\/de\/dolmetschen\/\">Dolmetschen<\/a><\/li>\n<li><a href=\"http:\/\/allesgut.hr\/de\/textkorrektur\/\">Textkorrektur<\/a><\/li>\n<li><a style=\"text-decoration: underline;\" href=\"http:\/\/allesgut.hr\/de\/assistenz\/\">Assistenz &amp; Beratung<\/a><\/li>\n<li><a href=\"http:\/\/allesgut.hr\/de\/sprachtraining\/\">Sprachtraining<\/a><\/li>\n<\/ul>\n<\/div>\n<\/div>\n\t\t<\/div><\/div><\/div><\/div><div id=\"pgc-1365-0-1\"  class=\"panel-grid-cell\" ><div id=\"panel-1365-0-1-0\" class=\"so-panel widget widget_text panel-first-child panel-last-child\" data-index=\"1\" ><div style=\"text-align: left;\" data-title-color=\"#443f3f\" data-headings-color=\"#443f3f\" class=\"panel-widget-style panel-widget-style-for-1365-0-1-0\" >\t\t\t<div class=\"textwidget\"><style>.title-post{display:none;}.page-wrap{padding-top:0px; padding-bottom:0px}.page .page-wrap .content-wrapper, .single .page-wrap .content-wrapper{padding:0px 30px 30px 30px;}<\/style>\n<p><script>\njQuery(document).ready(function(){\t\t\t\t\n    jQuery(\".toggle-title\").click(function () {\n\tjQuery(this).next(\".toggle-details\").slideToggle();\n        jQuery(this).text( jQuery(this).text() == 'Mehr' ? \"Verstecken\" : \"Mehr\");\t    \n\t});\n});\n<\/script><\/p>\n<div class=\"content-title\">\n<h2>ASSISTENZ &amp; BERATUNG<\/h2>\n<\/div>\n<p><span style=\"font-weight: 400;\">Jemand soll Ihnen bei der Erledigung Ihrer Aufgaben in der Landessprache KROATISCH helfen?<\/span><\/p>\n<div style=\"text-align: center; margin-bottom: -60px;\">\n<div class=\"roll-button button-slider toggle-title\" style=\"cursor: pointer; margin-bottom: 10px;\">Mehr<\/div>\n<div class=\"toggle-details\" style=\"display: none; text-align: left;\">\n<p><span style=\"font-weight: 400;\">Bei Gesch\u00e4ften, Beh\u00f6rden, Immobilienprozessen und Rechtswegen k\u00fcmmere ich mich, dass jeder Schritt glatt, transparent und stressfrei abl\u00e4uft. Vom Anfang bis zum Erfolg!<\/span><br \/>\n<span style=\"font-weight: 400;\">Durch meine mehrj\u00e4hrige Lebens- und Berufserfahrung in den L\u00e4ndern Deutschland, \u00d6sterreich und Kroatien kann ich bei vielen Ihrer Fragen und Aufgaben helfen.<\/span><\/p>\n<div style=\"text-align: center; margin-bottom: 120px;\"><a class=\"roll-button button-slider\" href=\"http:\/\/allesgut.hr\/de\/kontakt\/\">Kontakt<\/a><\/div>\n<\/div>\n<\/div>\n<\/div>\n\t\t<\/div><\/div><\/div><\/div><\/div><\/div>","protected":false},"excerpt":{"rendered":"<p>Assistenz &amp; Beratung \u00dcbersetzungen Dolmetschen Textkorrektur Assistenz &amp; Beratung Sprachtraining ASSISTENZ &amp; BERATUNG Jemand soll Ihnen bei der Erledigung Ihrer Aufgaben in der Landessprache KROATISCH helfen? Mehr Bei Gesch\u00e4ften, Beh\u00f6rden, Immobilienprozessen und Rechtswegen k\u00fcmmere ich mich, dass jeder Schritt glatt, transparent und stressfrei abl\u00e4uft. Vom Anfang bis zum Erfolg! Durch meine mehrj\u00e4hrige Lebens- und Berufserfahrung [&hellip;]<\/p>\n","protected":false},"author":1,"featured_media":0,"parent":0,"menu_order":0,"comment_status":"closed","ping_status":"closed","template":"page-templates\/page_fullwidth.php","meta":[],"_links":{"self":[{"href":"https:\/\/allesgut.hr\/de\/wp-json\/wp\/v2\/pages\/1365"}],"collection":[{"href":"https:\/\/allesgut.hr\/de\/wp-json\/wp\/v2\/pages"}],"about":[{"href":"https:\/\/allesgut.hr\/de\/wp-json\/wp\/v2\/types\/page"}],"author":[{"embeddable":true,"href":"https:\/\/allesgut.hr\/de\/wp-json\/wp\/v2\/users\/1"}],"replies":[{"embeddable":true,"href":"https:\/\/allesgut.hr\/de\/wp-json\/wp\/v2\/comments?post=1365"}],"version-history":[{"count":7,"href":"https:\/\/allesgut.hr\/de\/wp-json\/wp\/v2\/pages\/1365\/revisions"}],"predecessor-version":[{"id":5891,"href":"https:\/\/allesgut.hr\/de\/wp-json\/wp\/v2\/pages\/1365\/revisions\/5891"}],"wp:attachment":[{"href":"https:\/\/allesgut.hr\/de\/wp-json\/wp\/v2\/media?parent=1365"}],"curies":[{"name":"wp","href":"https:\/\/api.w.org\/{rel}","templated":true}]}}