{"id":1366,"date":"2018-11-15T09:19:01","date_gmt":"2018-11-15T09:19:01","guid":{"rendered":"http:\/\/allesgut.hr\/prijevodi\/"},"modified":"2026-03-05T16:40:38","modified_gmt":"2026-03-05T16:40:38","slug":"uebersetzungen","status":"publish","type":"page","link":"https:\/\/allesgut.hr\/de\/uebersetzungen\/","title":{"rendered":"\u00dcbersetzungen"},"content":{"rendered":"<div id=\"pl-1366\"  class=\"panel-layout\" ><div id=\"pg-1366-0\"  class=\"panel-grid panel-has-style\" ><div class=\"siteorigin-panels-stretch panel-row-style panel-row-style-for-1366-0\" style=\"padding: 100px 0; \" data-stretch-type=\"full\" data-overlay=\"true\" data-overlay-color=\"#000000\" ><div id=\"pgc-1366-0-0\"  class=\"panel-grid-cell\" ><div class=\"row-right-container panel-cell-style panel-cell-style-for-1366-0-0\" ><div id=\"panel-1366-0-0-0\" class=\"so-panel widget widget_text panel-first-child panel-last-child\" data-index=\"0\" ><div class=\"right-container panel-widget-style panel-widget-style-for-1366-0-0-0\" style=\"text-align: left;\" data-title-color=\"#443f3f\" data-headings-color=\"#443f3f\" >\t\t\t<div class=\"textwidget\"><div class=\"right-container-title\" style=\"font-size: 25px;\">\u00dcBERSETZUNGEN<\/div>\n<div class=\"right-container-content\">\n<ul>\n<li><a style=\"text-decoration: underline;\" href=\"http:\/\/allesgut.hr\/de\/ubersetzungen\/\">\u00dcbersetzungen<\/a><\/li>\n<li><a href=\"http:\/\/allesgut.hr\/de\/dolmetschen\/\">Dolmetschen<\/a><\/li>\n<li><a href=\"http:\/\/allesgut.hr\/de\/assistenz\/\">Assistenz &amp; Beratung<\/a><\/li>\n<li><a href=\"http:\/\/allesgut.hr\/de\/textkorrektur\/\">Textkorrektur<\/a><\/li>\n<li><a href=\"http:\/\/allesgut.hr\/de\/sprachtraining\/\">Sprachtraining<\/a><\/li>\n<\/ul>\n<\/div>\n<\/div>\n\t\t<\/div><\/div><\/div><\/div><div id=\"pgc-1366-0-1\"  class=\"panel-grid-cell\" ><div id=\"panel-1366-0-1-0\" class=\"so-panel widget widget_text panel-first-child panel-last-child\" data-index=\"1\" ><div style=\"text-align: left;\" data-title-color=\"#443f3f\" data-headings-color=\"#443f3f\" class=\"panel-widget-style panel-widget-style-for-1366-0-1-0\" >\t\t\t<div class=\"textwidget\"><style>.title-post{display:none;}.page-wrap{padding-top:0px; padding-bottom:0px}.page .page-wrap .content-wrapper, .single .page-wrap .content-wrapper{padding:0px 30px 30px 30px;}<\/style>\n<p><script>\njQuery(document).ready(function(){\t\t\t\t\n    jQuery(\".toggle-title\").click(function () {\n\tjQuery(this).next(\".toggle-details\").slideToggle();\n        jQuery(this).text( jQuery(this).text() == 'Mehr' ? \"Verstecken\" : \"Mehr\");\t    \n\t});\n});\n<\/script><\/p>\n<div class=\"content-title\">\n<h2>\u00dcBERSETZUNGEN<\/h2>\n<\/div>\n<p><span style=\"font-weight: 400;\">Alles Gut bietet Ihnen in folgenden Sprachkombinationen hochwertige \u00dcbersetzungen an:<\/span><\/p>\n<p><span style=\"font-weight: 400;\">KROATISCH<\/span> <span style=\"font-weight: 400;\"> \u2192 <\/span> <span style=\"font-weight: 400;\">DEUTSCH<\/span><span style=\"font-weight: 400;\"><br \/>\n<\/span><span style=\"font-weight: 400;\">DEUTSCH<\/span> <span style=\"font-weight: 400;\"> \u2192<\/span> <span style=\"font-weight: 400;\">KROATISCH<\/span><\/p>\n<p>Sie brauchen eine beglaubigte, eilige, spezielle \u00dcbersetzung? Sprechen Sie mich einfach an!<\/p>\n<div style=\"text-align: center; margin-bottom: -60px;\">\n<div class=\"roll-button button-slider toggle-title\" style=\"cursor: pointer; margin-bottom: 10px;\">Mehr<\/div>\n<div class=\"toggle-details\" style=\"display: none; text-align: left;\">\n<p><span style=\"font-weight: 400;\">Klartext statt Kauderwelsch! Weil Vertr\u00e4ge, Urkunden und Gesch\u00e4ftskorrespondenz mehr sind als nur W\u00f6rter, sondern rechtliche und kulturelle Feinheiten \u2013 und genau dort st\u00f6\u00dft auch KI an Grenzen.<\/span><\/p>\n<p><span style=\"font-weight: 400;\">Ich verbinde Sprachgef\u00fchl, Fachwissen und Verantwortung, damit Ihre Texte nicht nur korrekt, sondern wirklich stimmig und rechtssicher sind.<\/span><\/p>\n<p><span style=\"font-weight: 400;\">Lassen Sie uns gerne \u00fcber Ihr Projekt sprechen und dar\u00fcber, was ich f\u00fcr Sie tun kann.<\/span><\/p>\n<div style=\"text-align: center; margin-bottom: 120px;\"><a class=\"roll-button button-slider\" href=\"http:\/\/allesgut.hr\/de\/kontakt\/\">Kontakt<\/a><\/div>\n<\/div>\n<\/div>\n<\/div>\n\t\t<\/div><\/div><\/div><\/div><\/div><\/div>","protected":false},"excerpt":{"rendered":"<p>\u00dcBERSETZUNGEN \u00dcbersetzungen Dolmetschen Assistenz &amp; Beratung Textkorrektur Sprachtraining \u00dcBERSETZUNGEN Alles Gut bietet Ihnen in folgenden Sprachkombinationen hochwertige \u00dcbersetzungen an: KROATISCH \u2192 DEUTSCH DEUTSCH \u2192 KROATISCH Sie brauchen eine beglaubigte, eilige, spezielle \u00dcbersetzung? Sprechen Sie mich einfach an! Mehr Klartext statt Kauderwelsch! Weil Vertr\u00e4ge, Urkunden und Gesch\u00e4ftskorrespondenz mehr sind als nur W\u00f6rter, sondern rechtliche und kulturelle [&hellip;]<\/p>\n","protected":false},"author":1,"featured_media":0,"parent":0,"menu_order":0,"comment_status":"closed","ping_status":"closed","template":"page-templates\/page_fullwidth.php","meta":[],"_links":{"self":[{"href":"https:\/\/allesgut.hr\/de\/wp-json\/wp\/v2\/pages\/1366"}],"collection":[{"href":"https:\/\/allesgut.hr\/de\/wp-json\/wp\/v2\/pages"}],"about":[{"href":"https:\/\/allesgut.hr\/de\/wp-json\/wp\/v2\/types\/page"}],"author":[{"embeddable":true,"href":"https:\/\/allesgut.hr\/de\/wp-json\/wp\/v2\/users\/1"}],"replies":[{"embeddable":true,"href":"https:\/\/allesgut.hr\/de\/wp-json\/wp\/v2\/comments?post=1366"}],"version-history":[{"count":13,"href":"https:\/\/allesgut.hr\/de\/wp-json\/wp\/v2\/pages\/1366\/revisions"}],"predecessor-version":[{"id":5877,"href":"https:\/\/allesgut.hr\/de\/wp-json\/wp\/v2\/pages\/1366\/revisions\/5877"}],"wp:attachment":[{"href":"https:\/\/allesgut.hr\/de\/wp-json\/wp\/v2\/media?parent=1366"}],"curies":[{"name":"wp","href":"https:\/\/api.w.org\/{rel}","templated":true}]}}