{"id":5713,"date":"2026-02-23T13:34:21","date_gmt":"2026-02-23T13:34:21","guid":{"rendered":"https:\/\/allesgut.hr\/wissenswertes-2\/"},"modified":"2026-03-06T07:35:16","modified_gmt":"2026-03-06T07:35:16","slug":"wissenswertes-2","status":"publish","type":"page","link":"https:\/\/allesgut.hr\/de\/wissenswertes-2\/","title":{"rendered":"Wissenswertes"},"content":{"rendered":"<div id=\"pl-gb5713-69fb343a4fd6a\"  class=\"panel-layout\" ><div id=\"pg-gb5713-69fb343a4fd6a-0\"  class=\"panel-grid panel-has-style\" ><div style=\"padding: 100px 0; \" data-overlay=\"true\" data-overlay-color=\"#000000\" class=\"panel-row-style panel-row-style-for-gb5713-69fb343a4fd6a-0\" ><div id=\"pgc-gb5713-69fb343a4fd6a-0-0\"  class=\"panel-grid-cell\" ><div id=\"panel-gb5713-69fb343a4fd6a-0-0-0\" class=\"so-panel widget widget_siteorigin-panels-postloop panel-first-child panel-last-child\" data-index=\"0\" ><div style=\"text-align: left;\" data-title-color=\"#443f3f\" data-headings-color=\"#443f3f\" class=\"panel-widget-style panel-widget-style-for-gb5713-69fb343a4fd6a-0-0-0\" >\n<article id=\"post-6089\" class=\"post-6089 post type-post status-publish format-standard has-post-thumbnail hentry category-unkategorisiert\">\n\n\t<header class=\"entry-header\">\n\t\t\t\t<div class=\"meta-post\">\n\t\t\t<a href=\"https:\/\/allesgut.hr\/de\/category\/unkategorisiert\/\" title=\"Unkategorisiert\" class=\"post-cat\">Unkategorisiert<\/a>\t\t<\/div><!-- .entry-meta -->\n\t\t\t\t<h2 class=\"title-post entry-title\"><a href=\"https:\/\/allesgut.hr\/de\/wenn-die-sprueche-kippen-warum-ich-meine-grenzen-in-der-gastfreundschaft-neu-ziehen-musste\/\" rel=\"bookmark\">Wenn die Spr\u00fcche kippen:<\/a><\/h2>\t\t<span class=\"posted-on\">Ver\u00f6ffentlicht am <a href=\"https:\/\/allesgut.hr\/de\/wenn-die-sprueche-kippen-warum-ich-meine-grenzen-in-der-gastfreundschaft-neu-ziehen-musste\/\" rel=\"bookmark\"><time class=\"entry-date published\" datetime=\"2026-05-02T16:43:45+00:00\">Mai 2, 2026<\/time><time class=\"updated\" datetime=\"2026-05-04T22:40:50+00:00\">Mai 4, 2026<\/time><\/a><\/span>\t<\/header><!-- .entry-header -->\n\n\t\t<div class=\"entry-thumb\">\n\t\t<a href=\"https:\/\/allesgut.hr\/de\/wenn-die-sprueche-kippen-warum-ich-meine-grenzen-in-der-gastfreundschaft-neu-ziehen-musste\/\" title=\"Wenn die Spr\u00fcche kippen:\"><img width=\"1200\" height=\"1200\" src=\"https:\/\/allesgut.hr\/wp-content\/uploads\/2026\/05\/Gastfreundschaft-Kroatien.png\" class=\"attachment-large-thumb size-large-thumb wp-post-image\" alt=\"\" srcset=\"https:\/\/allesgut.hr\/wp-content\/uploads\/2026\/05\/Gastfreundschaft-Kroatien.png 1200w, https:\/\/allesgut.hr\/wp-content\/uploads\/2026\/05\/Gastfreundschaft-Kroatien-300x300.png 300w, https:\/\/allesgut.hr\/wp-content\/uploads\/2026\/05\/Gastfreundschaft-Kroatien-1024x1024.png 1024w, https:\/\/allesgut.hr\/wp-content\/uploads\/2026\/05\/Gastfreundschaft-Kroatien-150x150.png 150w, https:\/\/allesgut.hr\/wp-content\/uploads\/2026\/05\/Gastfreundschaft-Kroatien-768x768.png 768w, https:\/\/allesgut.hr\/wp-content\/uploads\/2026\/05\/Gastfreundschaft-Kroatien-830x830.png 830w, https:\/\/allesgut.hr\/wp-content\/uploads\/2026\/05\/Gastfreundschaft-Kroatien-230x230.png 230w, https:\/\/allesgut.hr\/wp-content\/uploads\/2026\/05\/Gastfreundschaft-Kroatien-350x350.png 350w, https:\/\/allesgut.hr\/wp-content\/uploads\/2026\/05\/Gastfreundschaft-Kroatien-480x480.png 480w\" sizes=\"(max-width: 1200px) 100vw, 1200px\" \/><\/a>\n\t<\/div>\n\t\t\n\t<div class=\"entry-post\">\n\t\t\t\t\t<p>Kroatische Gastfreundschaft ohne Grenzverletzung: Warum ich nicht mehr schweige, wenn Spr\u00fcche kippen. Meine Erfahrung als \u00dcbersetzerin und Gastgeberin.<\/p>\n\t\t\n\t\t\t<\/div><!-- .entry-post -->\n\n\t<footer class=\"entry-footer\">\n\t\t\t<\/footer><!-- .entry-footer -->\n<\/article><!-- #post-## -->\n<article id=\"post-5944\" class=\"post-5944 post type-post status-publish format-standard has-post-thumbnail hentry category-unkategorisiert\">\n\n\t<header class=\"entry-header\">\n\t\t\t\t<div class=\"meta-post\">\n\t\t\t<a href=\"https:\/\/allesgut.hr\/de\/category\/unkategorisiert\/\" title=\"Unkategorisiert\" class=\"post-cat\">Unkategorisiert<\/a>\t\t<\/div><!-- .entry-meta -->\n\t\t\t\t<h2 class=\"title-post entry-title\"><a href=\"https:\/\/allesgut.hr\/de\/warum-der-uebersetzerberuf-auch-mit-ki-spannend-bleibt-und-nicht-ausstirbt\/\" rel=\"bookmark\">Warum der \u00dcbersetzerberuf auch mit KI spannend bleibt und nicht ausstirbt<\/a><\/h2>\t\t<span class=\"posted-on\">Ver\u00f6ffentlicht am <a href=\"https:\/\/allesgut.hr\/de\/warum-der-uebersetzerberuf-auch-mit-ki-spannend-bleibt-und-nicht-ausstirbt\/\" rel=\"bookmark\"><time class=\"entry-date published\" datetime=\"2026-03-19T14:59:13+00:00\">M\u00e4rz 19, 2026<\/time><time class=\"updated\" datetime=\"2026-03-27T08:12:58+00:00\">M\u00e4rz 27, 2026<\/time><\/a><\/span>\t<\/header><!-- .entry-header -->\n\n\t\t<div class=\"entry-thumb\">\n\t\t<a href=\"https:\/\/allesgut.hr\/de\/warum-der-uebersetzerberuf-auch-mit-ki-spannend-bleibt-und-nicht-ausstirbt\/\" title=\"Warum der \u00dcbersetzerberuf auch mit KI spannend bleibt und nicht ausstirbt\"><img width=\"2500\" height=\"1308\" src=\"https:\/\/allesgut.hr\/wp-content\/uploads\/2026\/03\/AI-bot-puzzle-1.jpg\" class=\"attachment-large-thumb size-large-thumb wp-post-image\" alt=\"\" srcset=\"https:\/\/allesgut.hr\/wp-content\/uploads\/2026\/03\/AI-bot-puzzle-1.jpg 2500w, https:\/\/allesgut.hr\/wp-content\/uploads\/2026\/03\/AI-bot-puzzle-1-300x157.jpg 300w, https:\/\/allesgut.hr\/wp-content\/uploads\/2026\/03\/AI-bot-puzzle-1-1024x536.jpg 1024w, https:\/\/allesgut.hr\/wp-content\/uploads\/2026\/03\/AI-bot-puzzle-1-768x402.jpg 768w, https:\/\/allesgut.hr\/wp-content\/uploads\/2026\/03\/AI-bot-puzzle-1-1536x804.jpg 1536w, https:\/\/allesgut.hr\/wp-content\/uploads\/2026\/03\/AI-bot-puzzle-1-2048x1072.jpg 2048w, https:\/\/allesgut.hr\/wp-content\/uploads\/2026\/03\/AI-bot-puzzle-1-830x434.jpg 830w, https:\/\/allesgut.hr\/wp-content\/uploads\/2026\/03\/AI-bot-puzzle-1-230x120.jpg 230w, https:\/\/allesgut.hr\/wp-content\/uploads\/2026\/03\/AI-bot-puzzle-1-350x183.jpg 350w, https:\/\/allesgut.hr\/wp-content\/uploads\/2026\/03\/AI-bot-puzzle-1-480x251.jpg 480w\" sizes=\"(max-width: 2500px) 100vw, 2500px\" \/><\/a>\n\t<\/div>\n\t\t\n\t<div class=\"entry-post\">\n\t\t\t\t\t<p>Warum wir trotz aller digitalen Werkzeuge und KI noch menschliche Profi-\u00dcbersetzer brauchen und wie die Zukunft des \u00dcbersetzerberufs aussieht<\/p>\n\t\t\n\t\t\t<\/div><!-- .entry-post -->\n\n\t<footer class=\"entry-footer\">\n\t\t\t<\/footer><!-- .entry-footer -->\n<\/article><!-- #post-## -->\n<article id=\"post-5684\" class=\"post-5684 post type-post status-publish format-standard has-post-thumbnail hentry category-buerokratie-auf-dalmatinisch\">\n\n\t<header class=\"entry-header\">\n\t\t\t\t<div class=\"meta-post\">\n\t\t\t<a href=\"https:\/\/allesgut.hr\/de\/category\/buerokratie-in-kroatien\/buerokratie-auf-dalmatinisch\/\" title=\"B\u00fcrokratie auf Dalmatinisch\" class=\"post-cat\">B\u00fcrokratie auf Dalmatinisch<\/a>\t\t<\/div><!-- .entry-meta -->\n\t\t\t\t<h2 class=\"title-post entry-title\"><a href=\"https:\/\/allesgut.hr\/de\/buerokratie-auf-dalmatinisch-ab-wann-genau-laeuft-ein-fahrverbot-in-kroatien\/\" rel=\"bookmark\">B\u00fcrokratie auf Dalmatinisch: Ab wann genau l\u00e4uft ein einmonatiges Fahrverbot in Kroatien?<\/a><\/h2>\t\t<span class=\"posted-on\">Ver\u00f6ffentlicht am <a href=\"https:\/\/allesgut.hr\/de\/buerokratie-auf-dalmatinisch-ab-wann-genau-laeuft-ein-fahrverbot-in-kroatien\/\" rel=\"bookmark\"><time class=\"entry-date published\" datetime=\"2026-02-22T11:08:55+00:00\">Februar 22, 2026<\/time><time class=\"updated\" datetime=\"2026-03-27T08:23:22+00:00\">M\u00e4rz 27, 2026<\/time><\/a><\/span>\t<\/header><!-- .entry-header -->\n\n\t\t<div class=\"entry-thumb\">\n\t\t<a href=\"https:\/\/allesgut.hr\/de\/buerokratie-auf-dalmatinisch-ab-wann-genau-laeuft-ein-fahrverbot-in-kroatien\/\" title=\"B\u00fcrokratie auf Dalmatinisch: Ab wann genau l\u00e4uft ein einmonatiges Fahrverbot in Kroatien?\"><img width=\"1600\" height=\"896\" src=\"https:\/\/allesgut.hr\/wp-content\/uploads\/2026\/02\/Auto-Brac-Fahrverbot-e1771952488147.png\" class=\"attachment-large-thumb size-large-thumb wp-post-image\" alt=\"\" \/><\/a>\n\t<\/div>\n\t\t\n\t<div class=\"entry-post\">\n\t\t\t\t\t<p>Warum man als Fahrer in Kroatien  nach einer Ordnungswidrigkeit im Stra\u00dfenverkehr die Geldstrafe nicht sofort zahlen sollte und ab wann in Kroatien offiziell ein Fahrverbot beginnt.<\/p>\n\t\t\n\t\t\t<\/div><!-- .entry-post -->\n\n\t<footer class=\"entry-footer\">\n\t\t\t<\/footer><!-- .entry-footer -->\n<\/article><!-- #post-## -->\n<article id=\"post-5485\" class=\"post-5485 post type-post status-publish format-standard has-post-thumbnail hentry category-immobilien-kroatien category-insel-brac category-unkategorisiert\">\n\n\t<header class=\"entry-header\">\n\t\t\t\t<div class=\"meta-post\">\n\t\t\t<a href=\"https:\/\/allesgut.hr\/de\/category\/immobilien-kroatien\/\" title=\"Immobilien Kroatien\" class=\"post-cat\">Immobilien Kroatien<\/a>\t\t<\/div><!-- .entry-meta -->\n\t\t\t\t<h2 class=\"title-post entry-title\"><a href=\"https:\/\/allesgut.hr\/de\/wie-ein-ehepaar-auf-der-insel-brac-dutzende-von-auslandern-aus-ganz-europa-hinters-licht-fuhrte\/\" rel=\"bookmark\">Unter Druck gel\u00f6scht. Warum dieser Artikel \u00fcber Betrugsf\u00e4lle beim Immobilienkauf auf der Insel Bra\u010d verschwinden musste.<\/a><\/h2>\t\t<span class=\"posted-on\">Ver\u00f6ffentlicht am <a href=\"https:\/\/allesgut.hr\/de\/wie-ein-ehepaar-auf-der-insel-brac-dutzende-von-auslandern-aus-ganz-europa-hinters-licht-fuhrte\/\" rel=\"bookmark\"><time class=\"entry-date published\" datetime=\"2025-09-30T18:25:00+00:00\">September 30, 2025<\/time><time class=\"updated\" datetime=\"2026-02-25T15:44:44+00:00\">Februar 25, 2026<\/time><\/a><\/span>\t<\/header><!-- .entry-header -->\n\n\t\t<div class=\"entry-thumb\">\n\t\t<a href=\"https:\/\/allesgut.hr\/de\/wie-ein-ehepaar-auf-der-insel-brac-dutzende-von-auslandern-aus-ganz-europa-hinters-licht-fuhrte\/\" title=\"Unter Druck gel\u00f6scht. Warum dieser Artikel \u00fcber Betrugsf\u00e4lle beim Immobilienkauf auf der Insel Bra\u010d verschwinden musste.\"><img width=\"1600\" height=\"896\" src=\"https:\/\/allesgut.hr\/wp-content\/uploads\/2025\/09\/zerrissener-zeitschriftenartikel-in-deutscher-sprache.jpg\" class=\"attachment-large-thumb size-large-thumb wp-post-image\" alt=\"\" srcset=\"https:\/\/allesgut.hr\/wp-content\/uploads\/2025\/09\/zerrissener-zeitschriftenartikel-in-deutscher-sprache.jpg 1600w, https:\/\/allesgut.hr\/wp-content\/uploads\/2025\/09\/zerrissener-zeitschriftenartikel-in-deutscher-sprache-300x168.jpg 300w, https:\/\/allesgut.hr\/wp-content\/uploads\/2025\/09\/zerrissener-zeitschriftenartikel-in-deutscher-sprache-1024x573.jpg 1024w, https:\/\/allesgut.hr\/wp-content\/uploads\/2025\/09\/zerrissener-zeitschriftenartikel-in-deutscher-sprache-768x430.jpg 768w, https:\/\/allesgut.hr\/wp-content\/uploads\/2025\/09\/zerrissener-zeitschriftenartikel-in-deutscher-sprache-1536x860.jpg 1536w, https:\/\/allesgut.hr\/wp-content\/uploads\/2025\/09\/zerrissener-zeitschriftenartikel-in-deutscher-sprache-830x465.jpg 830w, https:\/\/allesgut.hr\/wp-content\/uploads\/2025\/09\/zerrissener-zeitschriftenartikel-in-deutscher-sprache-230x129.jpg 230w, https:\/\/allesgut.hr\/wp-content\/uploads\/2025\/09\/zerrissener-zeitschriftenartikel-in-deutscher-sprache-350x196.jpg 350w, https:\/\/allesgut.hr\/wp-content\/uploads\/2025\/09\/zerrissener-zeitschriftenartikel-in-deutscher-sprache-480x269.jpg 480w\" sizes=\"(max-width: 1600px) 100vw, 1600px\" \/><\/a>\n\t<\/div>\n\t\t\n\t<div class=\"entry-post\">\n\t\t\t\t\t<p>Um auf wesentliche Aspekte beim Kauf von Immobilien in Kroatien aufmerksam zu machen, habe ich einen in 2020 bei net.hr (RTL) erschienen kroatischen Artikel auf meiner Homepage verlinkt und als deutsche \u00dcbersetzung gepostet hatte. Im Artikel geht es um mehrere konkrete Betrugsf\u00e4lle auf der Insel Bra\u010d. Ein Quasi-Makler bietet regelm\u00e4ssig Immobilien, speziell landwirtschaftliche Grundst\u00fccke mit [&hellip;]<\/p>\n\t\t\n\t\t\t<\/div><!-- .entry-post -->\n\n\t<footer class=\"entry-footer\">\n\t\t\t<\/footer><!-- .entry-footer -->\n<\/article><!-- #post-## -->\n<article id=\"post-5450\" class=\"post-5450 post type-post status-publish format-standard has-post-thumbnail hentry category-buerokratie-in-kroatien category-immobilien-kroatien\">\n\n\t<header class=\"entry-header\">\n\t\t\t\t<div class=\"meta-post\">\n\t\t\t<a href=\"https:\/\/allesgut.hr\/de\/category\/buerokratie-in-kroatien\/\" title=\"B\u00fcrokratie in Kroatien\" class=\"post-cat\">B\u00fcrokratie in Kroatien<\/a>\t\t<\/div><!-- .entry-meta -->\n\t\t\t\t<h2 class=\"title-post entry-title\"><a href=\"https:\/\/allesgut.hr\/de\/risiken-beim-immobilienerwerb-in-kroatien\/\" rel=\"bookmark\">Wie man risikofrei  Immobilien in Kroatien kauft<\/a><\/h2>\t\t<span class=\"posted-on\">Ver\u00f6ffentlicht am <a href=\"https:\/\/allesgut.hr\/de\/risiken-beim-immobilienerwerb-in-kroatien\/\" rel=\"bookmark\"><time class=\"entry-date published\" datetime=\"2025-01-17T15:48:00+00:00\">Januar 17, 2025<\/time><time class=\"updated\" datetime=\"2026-03-27T08:34:48+00:00\">M\u00e4rz 27, 2026<\/time><\/a><\/span>\t<\/header><!-- .entry-header -->\n\n\t\t<div class=\"entry-thumb\">\n\t\t<a href=\"https:\/\/allesgut.hr\/de\/risiken-beim-immobilienerwerb-in-kroatien\/\" title=\"Wie man risikofrei  Immobilien in Kroatien kauft\"><img width=\"1280\" height=\"882\" src=\"https:\/\/allesgut.hr\/wp-content\/uploads\/2025\/02\/real-estate-6204596_1280-Hauskauf.jpg\" class=\"attachment-large-thumb size-large-thumb wp-post-image\" alt=\"\" srcset=\"https:\/\/allesgut.hr\/wp-content\/uploads\/2025\/02\/real-estate-6204596_1280-Hauskauf.jpg 1280w, https:\/\/allesgut.hr\/wp-content\/uploads\/2025\/02\/real-estate-6204596_1280-Hauskauf-300x207.jpg 300w, https:\/\/allesgut.hr\/wp-content\/uploads\/2025\/02\/real-estate-6204596_1280-Hauskauf-1024x706.jpg 1024w, https:\/\/allesgut.hr\/wp-content\/uploads\/2025\/02\/real-estate-6204596_1280-Hauskauf-768x529.jpg 768w, https:\/\/allesgut.hr\/wp-content\/uploads\/2025\/02\/real-estate-6204596_1280-Hauskauf-830x572.jpg 830w, https:\/\/allesgut.hr\/wp-content\/uploads\/2025\/02\/real-estate-6204596_1280-Hauskauf-230x158.jpg 230w, https:\/\/allesgut.hr\/wp-content\/uploads\/2025\/02\/real-estate-6204596_1280-Hauskauf-350x241.jpg 350w, https:\/\/allesgut.hr\/wp-content\/uploads\/2025\/02\/real-estate-6204596_1280-Hauskauf-480x331.jpg 480w\" sizes=\"(max-width: 1280px) 100vw, 1280px\" \/><\/a>\n\t<\/div>\n\t\t\n\t<div class=\"entry-post\">\n\t\t\t\t\t<p>Hol dir beim Hauskauf in Kroatien unbedingt professionelle Hilfe vom Anwalt, Vermesser, Bauingenieur und Notar.<\/p>\n\t\t\n\t\t\t<\/div><!-- .entry-post -->\n\n\t<footer class=\"entry-footer\">\n\t\t\t<\/footer><!-- .entry-footer -->\n<\/article><!-- #post-## -->\n<article id=\"post-5412\" class=\"post-5412 post type-post status-publish format-standard has-post-thumbnail hentry category-buerokratie-in-kroatien category-immobilien-kroatien category-insel-brac tag-grundbuchamt tag-grundbuchamt-in-kroatien tag-grundbuchamter-in-kroatien tag-grundbuchantrag-in-kroatien tag-grundbuchgesetz-in-kroatien tag-kroatien tag-kroatisches-grundbuchamt tag-online-grundbuchantrag\">\n\n\t<header class=\"entry-header\">\n\t\t\t\t<div class=\"meta-post\">\n\t\t\t<a href=\"https:\/\/allesgut.hr\/de\/category\/buerokratie-in-kroatien\/\" title=\"B\u00fcrokratie in Kroatien\" class=\"post-cat\">B\u00fcrokratie in Kroatien<\/a>\t\t<\/div><!-- .entry-meta -->\n\t\t\t\t<h2 class=\"title-post entry-title\"><a href=\"https:\/\/allesgut.hr\/de\/antrag-beim-grundbuchamt-in-kroatien\/\" rel=\"bookmark\">B\u00fcrokratie in Kroatien: Grundbuchantr\u00e4ge nur noch online<\/a><\/h2>\t\t<span class=\"posted-on\">Ver\u00f6ffentlicht am <a href=\"https:\/\/allesgut.hr\/de\/antrag-beim-grundbuchamt-in-kroatien\/\" rel=\"bookmark\"><time class=\"entry-date published\" datetime=\"2023-02-10T21:11:00+00:00\">Februar 10, 2023<\/time><time class=\"updated\" datetime=\"2026-03-27T08:06:48+00:00\">M\u00e4rz 27, 2026<\/time><\/a><\/span>\t<\/header><!-- .entry-header -->\n\n\t\t<div class=\"entry-thumb\">\n\t\t<a href=\"https:\/\/allesgut.hr\/de\/antrag-beim-grundbuchamt-in-kroatien\/\" title=\"B\u00fcrokratie in Kroatien: Grundbuchantr\u00e4ge nur noch online\"><img width=\"612\" height=\"408\" src=\"https:\/\/allesgut.hr\/wp-content\/uploads\/2023\/03\/Grundbuchamt-pexels.jpg\" class=\"attachment-large-thumb size-large-thumb wp-post-image\" alt=\"\" srcset=\"https:\/\/allesgut.hr\/wp-content\/uploads\/2023\/03\/Grundbuchamt-pexels.jpg 612w, https:\/\/allesgut.hr\/wp-content\/uploads\/2023\/03\/Grundbuchamt-pexels-300x200.jpg 300w, https:\/\/allesgut.hr\/wp-content\/uploads\/2023\/03\/Grundbuchamt-pexels-230x153.jpg 230w, https:\/\/allesgut.hr\/wp-content\/uploads\/2023\/03\/Grundbuchamt-pexels-350x233.jpg 350w, https:\/\/allesgut.hr\/wp-content\/uploads\/2023\/03\/Grundbuchamt-pexels-480x320.jpg 480w, https:\/\/allesgut.hr\/wp-content\/uploads\/2023\/03\/Grundbuchamt-pexels-272x182.jpg 272w\" sizes=\"(max-width: 612px) 100vw, 612px\" \/><\/a>\n\t<\/div>\n\t\t\n\t<div class=\"entry-post\">\n\t\t\t\t\t<p>Grundbuchantr\u00e4ge in Kroatien nur noch elektronisch \u00fcber den Notar oder Anwalt. <\/p>\n\t\t\n\t\t\t<\/div><!-- .entry-post -->\n\n\t<footer class=\"entry-footer\">\n\t\t\t<\/footer><!-- .entry-footer -->\n<\/article><!-- #post-## --><\/div><\/div><\/div><\/div><\/div><\/div>\n\n\n<p><\/p>\n","protected":false},"excerpt":{"rendered":"","protected":false},"author":2,"featured_media":5681,"parent":0,"menu_order":0,"comment_status":"closed","ping_status":"open","template":"page-templates\/page_fullwidth.php","meta":[],"_links":{"self":[{"href":"https:\/\/allesgut.hr\/de\/wp-json\/wp\/v2\/pages\/5713"}],"collection":[{"href":"https:\/\/allesgut.hr\/de\/wp-json\/wp\/v2\/pages"}],"about":[{"href":"https:\/\/allesgut.hr\/de\/wp-json\/wp\/v2\/types\/page"}],"author":[{"embeddable":true,"href":"https:\/\/allesgut.hr\/de\/wp-json\/wp\/v2\/users\/2"}],"replies":[{"embeddable":true,"href":"https:\/\/allesgut.hr\/de\/wp-json\/wp\/v2\/comments?post=5713"}],"version-history":[{"count":3,"href":"https:\/\/allesgut.hr\/de\/wp-json\/wp\/v2\/pages\/5713\/revisions"}],"predecessor-version":[{"id":5905,"href":"https:\/\/allesgut.hr\/de\/wp-json\/wp\/v2\/pages\/5713\/revisions\/5905"}],"wp:featuredmedia":[{"embeddable":true,"href":"https:\/\/allesgut.hr\/de\/wp-json\/wp\/v2\/media\/5681"}],"wp:attachment":[{"href":"https:\/\/allesgut.hr\/de\/wp-json\/wp\/v2\/media?parent=5713"}],"curies":[{"name":"wp","href":"https:\/\/api.w.org\/{rel}","templated":true}]}}